{"id":9304,"date":"2026-05-07T15:53:37","date_gmt":"2026-05-07T15:53:37","guid":{"rendered":"https:\/\/schusszone.de\/?post_type=product&#038;p=9304"},"modified":"2026-05-07T15:54:40","modified_gmt":"2026-05-07T15:54:40","slug":"ahg-meister-kugeln-by-rws-ruag-45-mm-500-flachkopf-diabolos","status":"publish","type":"product","link":"https:\/\/schusszone.de\/de\/product\/ahg-meister-kugeln-by-rws-ruag-45-mm-500-flachkopf-diabolos\/","title":{"rendered":"ahg-Meister Kugeln by RWS\/RUAG 4,5 mm, 500 Flachkopf Diabolos"},"content":{"rendered":"<p>ahg-Ansch\u00fctz ist ein sehr renommierter Qualit\u00e4tshersteller von Matchwaffen, match tuning, Wettkampfbekleidung und vieles mehr rund um den Luftdrucksport.<\/p>\n<p>Diese Meisterkugeln sind 4,5 mm Diabolos, die zusammen mit RUAG (RWS) f\u00fcr den Hobbysch\u00fctzen mit hohen Anforderungen an Pr\u00e4zision, Qualit\u00e4t und trotzdem gutem Preis, entwickelt wurden.<\/p>\n<p>Die 500 Meister Flachkopf Diabolos von ahg \/ RUAG mit einem Gewicht von ca. 0,53 g kommen in praktischer Metalldose.<\/p>\n<p>0,53 g ist ein relativ leichtes Gewicht und f\u00fcr Luftgewehre und Luftpistolen bis 7,5 Joule geeignet. Auch schw\u00e4chere Luftpistolen, bzw. CO\u2082 Pistolen kommen mit diesem Gewicht noch gut klar.<\/p>\n<p>Aufgrund der L\u00e4nge und des Gewichts sind die Pellets auch f\u00fcr CO\u2082 Waffen mit ihren 7 mm langen Trommeln geeignet.<\/p>\n<p>Die RWS\/RUAG Diabolos gibt es nur im Kopfma\u00df 4,5 mm und sind glatt.<\/p>\n<h4>Spezifikationen ahg-Meister Kugeln by RWS\/RUAG 4,5 mm, 500 Flachkopf Diabolos:<\/h4>\n<ul>\n<li>Gewicht: ca. 0,53 g<\/li>\n<li>L\u00e4nge: ca. 5,4 mm<\/li>\n<li>Kaliber: 4,5 mm<\/li>\n<li>Inhalt: 500 St\u00fcck<\/li>\n<li>Material: Blei<\/li>\n<li>Form: Flachkopf<\/li>\n<\/ul>\n<p>Achtung: Nicht geeignet f\u00fcr Kinder unter 36 Monaten, wegen Erstickungsgefahr durch verschluckbare Kleinteile. Anschrift des Herstellers aufbewahren.<\/p>","protected":false},"excerpt":{"rendered":"<p>ahg-Ansch\u00fctz ist ein sehr renommierter Qualit\u00e4tshersteller von Matchwaffen, match tuning, Wettkampfbekleidung und vieles mehr rund um den Luftdrucksport. Diese Meisterkugeln sind 4,5 mm Diabolos, die zusammen mit RUAG (RWS) f\u00fcr den Hobbysch\u00fctzen mit hohen Anforderungen an Pr\u00e4zision, Qualit\u00e4t und trotzdem gutem Preis, entwickelt wurden. Die 500 Meister Flachkopf Diabolos von ahg \/ RUAG mit einem [&#8230;]\n","protected":false},"featured_media":9394,"comment_status":"closed","ping_status":"closed","template":"","meta":[],"product_brand":[],"product_cat":[315],"product_tag":[],"class_list":{"0":"post-9304","1":"product","2":"type-product","3":"status-publish","4":"has-post-thumbnail","6":"product_cat-diabolo","8":"first","9":"instock","10":"shipping-taxable","11":"purchasable","12":"product-type-simple"},"_links":{"self":[{"href":"https:\/\/schusszone.de\/de\/wp-json\/wp\/v2\/product\/9304","targetHints":{"allow":["GET"]}}],"collection":[{"href":"https:\/\/schusszone.de\/de\/wp-json\/wp\/v2\/product"}],"about":[{"href":"https:\/\/schusszone.de\/de\/wp-json\/wp\/v2\/types\/product"}],"replies":[{"embeddable":true,"href":"https:\/\/schusszone.de\/de\/wp-json\/wp\/v2\/comments?post=9304"}],"wp:featuredmedia":[{"embeddable":true,"href":"https:\/\/schusszone.de\/de\/wp-json\/wp\/v2\/media\/9394"}],"wp:attachment":[{"href":"https:\/\/schusszone.de\/de\/wp-json\/wp\/v2\/media?parent=9304"}],"wp:term":[{"taxonomy":"product_brand","embeddable":true,"href":"https:\/\/schusszone.de\/de\/wp-json\/wp\/v2\/product_brand?post=9304"},{"taxonomy":"product_cat","embeddable":true,"href":"https:\/\/schusszone.de\/de\/wp-json\/wp\/v2\/product_cat?post=9304"},{"taxonomy":"product_tag","embeddable":true,"href":"https:\/\/schusszone.de\/de\/wp-json\/wp\/v2\/product_tag?post=9304"}],"curies":[{"name":"wp","href":"https:\/\/api.w.org\/{rel}","templated":true}]}}