{"id":9278,"date":"2026-05-07T15:53:13","date_gmt":"2026-05-07T15:53:13","guid":{"rendered":"https:\/\/schusszone.de\/?post_type=product&#038;p=9278"},"modified":"2026-05-07T15:54:38","modified_gmt":"2026-05-07T15:54:38","slug":"mauser-real-match-diabolos-500st-45mm","status":"publish","type":"product","link":"https:\/\/schusszone.de\/de\/product\/mauser-real-match-diabolos-500st-45mm\/","title":{"rendered":"Mauser Real Match Diabolos 500St., 4,5mm"},"content":{"rendered":"<p>Sehr preisg\u00fcnstiges, kurzes und leichtes Diabolo, perfekt f\u00fcr CO\u2082 Pistolen und auch gut geeignet f\u00fcr alle Luftgewehre bis 7,5 Joule.<\/p>\n<p>Die glatten und flachen Diabolos sind gut f\u00fcr das Wettkampf Training geeignet. Die Durchschlagskraft ist nicht sehr hoch.<\/p>\n<p>Produziert in Deutschland von H&amp;N f\u00fcr Mauser.<\/p>\n<h4>Spezifikationen Mauser Real Match Diabolos 500 St., 4,5 mm:<\/h4>\n<ul>\n<li>Gewicht: ca. 0,47 g (7,25 gr)<\/li>\n<li>L\u00e4nge: ca. 5,5 mm<\/li>\n<li>Kaliber: 4,5 mm Diabolo<\/li>\n<li>Inhalt: 500 St\u00fcck<\/li>\n<li>Material: Blei<\/li>\n<\/ul>\n<p>Achtung: Nicht geeignet f\u00fcr Kinder unter 36 Monaten, wegen Erstickungsgefahr durch verschluckbare Kleinteile. Anschrift des Herstellers aufbewahren.<\/p>","protected":false},"excerpt":{"rendered":"<p>Sehr preisg\u00fcnstiges, kurzes und leichtes Diabolo, perfekt f\u00fcr CO\u2082 Pistolen und auch gut geeignet f\u00fcr alle Luftgewehre bis 7,5 Joule. Die glatten und flachen Diabolos sind gut f\u00fcr das Wettkampf Training geeignet. Die Durchschlagskraft ist nicht sehr hoch. Produziert in Deutschland von H&amp;N f\u00fcr Mauser. Spezifikationen Mauser Real Match Diabolos 500 St., 4,5 mm: Gewicht: [&#8230;]\n","protected":false},"featured_media":9393,"comment_status":"closed","ping_status":"closed","template":"","meta":[],"product_brand":[],"product_cat":[315],"product_tag":[],"class_list":{"0":"post-9278","1":"product","2":"type-product","3":"status-publish","4":"has-post-thumbnail","6":"product_cat-diabolo","8":"first","9":"instock","10":"shipping-taxable","11":"purchasable","12":"product-type-simple"},"_links":{"self":[{"href":"https:\/\/schusszone.de\/de\/wp-json\/wp\/v2\/product\/9278","targetHints":{"allow":["GET"]}}],"collection":[{"href":"https:\/\/schusszone.de\/de\/wp-json\/wp\/v2\/product"}],"about":[{"href":"https:\/\/schusszone.de\/de\/wp-json\/wp\/v2\/types\/product"}],"replies":[{"embeddable":true,"href":"https:\/\/schusszone.de\/de\/wp-json\/wp\/v2\/comments?post=9278"}],"wp:featuredmedia":[{"embeddable":true,"href":"https:\/\/schusszone.de\/de\/wp-json\/wp\/v2\/media\/9393"}],"wp:attachment":[{"href":"https:\/\/schusszone.de\/de\/wp-json\/wp\/v2\/media?parent=9278"}],"wp:term":[{"taxonomy":"product_brand","embeddable":true,"href":"https:\/\/schusszone.de\/de\/wp-json\/wp\/v2\/product_brand?post=9278"},{"taxonomy":"product_cat","embeddable":true,"href":"https:\/\/schusszone.de\/de\/wp-json\/wp\/v2\/product_cat?post=9278"},{"taxonomy":"product_tag","embeddable":true,"href":"https:\/\/schusszone.de\/de\/wp-json\/wp\/v2\/product_tag?post=9278"}],"curies":[{"name":"wp","href":"https:\/\/api.w.org\/{rel}","templated":true}]}}