{"id":9274,"date":"2026-05-07T15:53:12","date_gmt":"2026-05-07T15:53:12","guid":{"rendered":"https:\/\/schusszone.de\/?post_type=product&#038;p=9274"},"modified":"2026-05-07T15:54:24","modified_gmt":"2026-05-07T15:54:24","slug":"hn-finale-match-light-diabolo-glatt-500st-kal-450mm","status":"publish","type":"product","link":"https:\/\/schusszone.de\/de\/product\/hn-finale-match-light-diabolo-glatt-500st-kal-450mm\/","title":{"rendered":"H&#038;N Finale Match Light Diabolo, glatt, 500St. Kal. 4,50mm"},"content":{"rendered":"<p>H&amp;N Final Match Flachkopf Diabolos mit glattem Schaft im Kaliber 4,5 mm und einem Kopfma\u00df mit 4,50 mm.<\/p>\n<p>Das Wettkampf-Spitzenprodukt, auf das Olympiasieger und Weltmeister vertrauen.<\/p>\n<p>H\u00f6chste erh\u00e4ltliche Pr\u00e4zision durch maximale Ma\u00df- und Gewichtsgenauigkeit. Engste Schussgruppen und scharf geschnittene Schussl\u00f6cher erreichen Sie mit diesen Top Diabolos.<\/p>\n<p>Geringste Verbleiung und gleichm\u00e4\u00dfige Schussbilder durch spezielle Match-Legierung machen die H&amp;N Final Match zur ersten Wahl f\u00fcr ambitonierte Sch\u00fctzen.<\/p>\n<p>Die H&amp;N Diabolos sind handsortiert.<\/p>\n<p>Wir k\u00f6nnen Ihnen leider nicht sagen ob das Kopfma\u00df 4,49 oder 4,50 mm f\u00fcr Ihre Luftrdruckwaffe besser geeignet ist. Jede Waffe ist etwas anders und wir empfehlen es einfach auszuprobieren.<\/p>\n<p>Wir bieten Ihnen die H&amp;N Final Match auch mit dem Kopfma\u00df 4,49 mm an.<\/p>\n<h4>Spezifikationen H&amp;N Finale Match Light Diabolo, glatt, 500 St. Kal. 4,50 mm:<\/h4>\n<ul>\n<li>Gewicht: ca. 0,51 g (7,87 gr)<\/li>\n<li>L\u00e4nge: 5,5 mm<\/li>\n<li>Kopfma\u00df: 4,50 mm<\/li>\n<li>Kaliber: 4,5 mm<\/li>\n<li>Inhalt: 500 St\u00fcck<\/li>\n<li>Material: Blei<\/li>\n<li>Hersteller: H&amp;N<\/li>\n<\/ul>\n<p>H&amp;N Final Match Diabolos werden in Deutschland auf selbst entwickelten Maschinen produziert und sind f\u00fcr ihre durchgehend sehr gute Qualit\u00e4t bekannt.<\/p>\n<\/p>\n<p>Achtung: Nicht geeignet f\u00fcr Kinder unter 36 Monaten, wegen Erstickungsgefahr durch verschluckbare Kleinteile. Anschrift des Herstellers aufbewahren.<\/p>","protected":false},"excerpt":{"rendered":"<p>H&amp;N Final Match Flachkopf Diabolos mit glattem Schaft im Kaliber 4,5 mm und einem Kopfma\u00df mit 4,50 mm. Das Wettkampf-Spitzenprodukt, auf das Olympiasieger und Weltmeister vertrauen. H\u00f6chste erh\u00e4ltliche Pr\u00e4zision durch maximale Ma\u00df- und Gewichtsgenauigkeit. Engste Schussgruppen und scharf geschnittene Schussl\u00f6cher erreichen Sie mit diesen Top Diabolos. Geringste Verbleiung und gleichm\u00e4\u00dfige Schussbilder durch spezielle Match-Legierung machen [&#8230;]\n","protected":false},"featured_media":9377,"comment_status":"closed","ping_status":"closed","template":"","meta":[],"product_brand":[],"product_cat":[310],"product_tag":[],"class_list":{"0":"post-9274","1":"product","2":"type-product","3":"status-publish","4":"has-post-thumbnail","6":"product_cat-luftdruckwaffen","8":"first","9":"instock","10":"shipping-taxable","11":"purchasable","12":"product-type-simple"},"_links":{"self":[{"href":"https:\/\/schusszone.de\/de\/wp-json\/wp\/v2\/product\/9274","targetHints":{"allow":["GET"]}}],"collection":[{"href":"https:\/\/schusszone.de\/de\/wp-json\/wp\/v2\/product"}],"about":[{"href":"https:\/\/schusszone.de\/de\/wp-json\/wp\/v2\/types\/product"}],"replies":[{"embeddable":true,"href":"https:\/\/schusszone.de\/de\/wp-json\/wp\/v2\/comments?post=9274"}],"wp:featuredmedia":[{"embeddable":true,"href":"https:\/\/schusszone.de\/de\/wp-json\/wp\/v2\/media\/9377"}],"wp:attachment":[{"href":"https:\/\/schusszone.de\/de\/wp-json\/wp\/v2\/media?parent=9274"}],"wp:term":[{"taxonomy":"product_brand","embeddable":true,"href":"https:\/\/schusszone.de\/de\/wp-json\/wp\/v2\/product_brand?post=9274"},{"taxonomy":"product_cat","embeddable":true,"href":"https:\/\/schusszone.de\/de\/wp-json\/wp\/v2\/product_cat?post=9274"},{"taxonomy":"product_tag","embeddable":true,"href":"https:\/\/schusszone.de\/de\/wp-json\/wp\/v2\/product_tag?post=9274"}],"curies":[{"name":"wp","href":"https:\/\/api.w.org\/{rel}","templated":true}]}}