{"id":9250,"date":"2026-05-07T15:52:52","date_gmt":"2026-05-07T15:52:52","guid":{"rendered":"https:\/\/schusszone.de\/?post_type=product&#038;p=9250"},"modified":"2026-05-07T15:54:20","modified_gmt":"2026-05-07T15:54:20","slug":"fritz-cell-lipo-sicherheitstasche","status":"publish","type":"product","link":"https:\/\/schusszone.de\/de\/product\/fritz-cell-lipo-sicherheitstasche\/","title":{"rendered":"Fritz-Cell LIPO &#8211; Sicherheitstasche"},"content":{"rendered":"<p>Hitzebest\u00e4ndige Tasche f\u00fcr das sichere Laden von allen Akku Typen, vor allem aber der LiPo-Akkus.<\/p>\n<p>Die LiPo Safe Sicherheitstasche hemmt die Entstehung gef\u00e4hrlicher Br\u00e4nde und bremst die Ausbreitung von Flammen, die durch Entz\u00fcnden oder Zerbersten von LiPo-Zellen durch unsachgem\u00e4\u00dfer Behandlung, Kurzschluss oder \u00dcberladung entstehen k\u00f6nnen.<\/p>\n<p>Auch zum sicheren und schlaggesch\u00fctzten Transport der Li-Po Akkus geeignet.<\/p>\n<h4>Spezifikationen:<\/h4>\n<ul>\n<li>Farbe: schwarz<\/li>\n<li>Gewicht: 80 g<\/li>\n<li>L\u00e4nge: 23 cm<\/li>\n<li>Breite: 18,0 cm<\/li>\n<\/ul>","protected":false},"excerpt":{"rendered":"<p>Hitzebest\u00e4ndige Tasche f\u00fcr das sichere Laden von allen Akku Typen, vor allem aber der LiPo-Akkus. Die LiPo Safe Sicherheitstasche hemmt die Entstehung gef\u00e4hrlicher Br\u00e4nde und bremst die Ausbreitung von Flammen, die durch Entz\u00fcnden oder Zerbersten von LiPo-Zellen durch unsachgem\u00e4\u00dfer Behandlung, Kurzschluss oder \u00dcberladung entstehen k\u00f6nnen. Auch zum sicheren und schlaggesch\u00fctzten Transport der Li-Po Akkus geeignet. [&#8230;]\n","protected":false},"featured_media":9363,"comment_status":"closed","ping_status":"closed","template":"","meta":[],"product_brand":[],"product_cat":[311],"product_tag":[],"class_list":{"0":"post-9250","1":"product","2":"type-product","3":"status-publish","4":"has-post-thumbnail","6":"product_cat-zubehor","8":"first","9":"instock","10":"shipping-taxable","11":"purchasable","12":"product-type-simple"},"_links":{"self":[{"href":"https:\/\/schusszone.de\/de\/wp-json\/wp\/v2\/product\/9250","targetHints":{"allow":["GET"]}}],"collection":[{"href":"https:\/\/schusszone.de\/de\/wp-json\/wp\/v2\/product"}],"about":[{"href":"https:\/\/schusszone.de\/de\/wp-json\/wp\/v2\/types\/product"}],"replies":[{"embeddable":true,"href":"https:\/\/schusszone.de\/de\/wp-json\/wp\/v2\/comments?post=9250"}],"wp:featuredmedia":[{"embeddable":true,"href":"https:\/\/schusszone.de\/de\/wp-json\/wp\/v2\/media\/9363"}],"wp:attachment":[{"href":"https:\/\/schusszone.de\/de\/wp-json\/wp\/v2\/media?parent=9250"}],"wp:term":[{"taxonomy":"product_brand","embeddable":true,"href":"https:\/\/schusszone.de\/de\/wp-json\/wp\/v2\/product_brand?post=9250"},{"taxonomy":"product_cat","embeddable":true,"href":"https:\/\/schusszone.de\/de\/wp-json\/wp\/v2\/product_cat?post=9250"},{"taxonomy":"product_tag","embeddable":true,"href":"https:\/\/schusszone.de\/de\/wp-json\/wp\/v2\/product_tag?post=9250"}],"curies":[{"name":"wp","href":"https:\/\/api.w.org\/{rel}","templated":true}]}}