{"id":9183,"date":"2026-05-07T15:52:01","date_gmt":"2026-05-07T15:52:01","guid":{"rendered":"https:\/\/schusszone.de\/?post_type=product&#038;p=9183"},"modified":"2026-05-07T15:53:48","modified_gmt":"2026-05-07T15:53:48","slug":"mauser-real-smart-verkupferte-blei-bb-750st-45mm","status":"publish","type":"product","link":"https:\/\/schusszone.de\/de\/product\/mauser-real-smart-verkupferte-blei-bb-750st-45mm\/","title":{"rendered":"Mauser Real Smart verkupferte Blei BB 750St., 4,5mm"},"content":{"rendered":"<p>Die verkupferten Mauser Blei-Rundkugeln sind eine sichere Alternative zu herk\u00f6mmlichen Stahl BBs.<\/p>\n<p>Optimal auch f\u00fcr Stahl-Ziele und harte Oberfl\u00e4chen geeignet, da Querschl\u00e4ger verhindert werden.<\/p>\n<p>Die Rundkugeln sind doppelt kupferbeschichtet und damit hart genug, um eine Verformung im Magazin zu verhindern, aber weich genug, um beim Aufprall zu deformieren.<br \/> Dies verhindert die Querschl\u00e4ger, wie sie beim schie\u00dfen mit Stahl BB\u2019s auf harte Oberfl\u00e4chen h\u00e4ufig entstehen.<\/p>\n<p>Wir haben die 4,5 mm BBs in verschiedenen CO\u2082 Pistolen getestet und waren zufrieden. Siehe letztes Bild.<\/p>\n<p>Der wirkliche Durchmesser liegt bei ca. 4,38 mm. Die BBs sind nicht perfekt rund was an der Technik der Verkupferung liegt, daher sollte der etwas kleinere Durchmesser das ausgleichen.<\/p>\n<p>Bei der Nutzung von einem 4,5 mm Speed Loader muss man besonders vorsichtig sein um die BBs nicht zu verbeulen. <\/p>\n<p>F\u00fcr Indoor-Schooting, Plinking, u.v.m..<\/p>\n<p>Produziert in Deutschland von H&amp;N f\u00fcr Mauser.<\/p>\n<p>Das Gewicht von 0,48 g (7,41 grains) erlaubt die Verwendung auch in schw\u00e4cheren Pistolen.<\/p>\n<h4>Spezifikationen:<\/h4>\n<ul>\n<li>Gewicht: ca. 0,48 g (7,41 gr)<\/li>\n<li>Kaliber: 4,5 mm BB<\/li>\n<li>Inhalt: 750 St\u00fcck<\/li>\n<li>Material: verkupfertes Blei<\/li>\n<li>Hersteller: H&amp;N f\u00fcr Mauser<\/li>\n<\/ul>\n<p>Das Bild zeigt noch die alte Dose mit 500 BBs<\/p>\n<\/p>\n<p>Achtung: Nicht geeignet f\u00fcr Kinder unter 36 Monaten, wegen Erstickungsgefahr durch verschluckbare Kleinteile. Anschrift des Herstellers aufbewahren.<\/p>","protected":false},"excerpt":{"rendered":"<p>Die verkupferten Mauser Blei-Rundkugeln sind eine sichere Alternative zu herk\u00f6mmlichen Stahl BBs. Optimal auch f\u00fcr Stahl-Ziele und harte Oberfl\u00e4chen geeignet, da Querschl\u00e4ger verhindert werden. Die Rundkugeln sind doppelt kupferbeschichtet und damit hart genug, um eine Verformung im Magazin zu verhindern, aber weich genug, um beim Aufprall zu deformieren. Dies verhindert die Querschl\u00e4ger, wie sie beim [&#8230;]\n","protected":false},"featured_media":9325,"comment_status":"closed","ping_status":"closed","template":"","meta":[],"product_brand":[],"product_cat":[310],"product_tag":[],"class_list":{"0":"post-9183","1":"product","2":"type-product","3":"status-publish","4":"has-post-thumbnail","6":"product_cat-luftdruckwaffen","8":"first","9":"instock","10":"shipping-taxable","11":"purchasable","12":"product-type-simple"},"_links":{"self":[{"href":"https:\/\/schusszone.de\/de\/wp-json\/wp\/v2\/product\/9183","targetHints":{"allow":["GET"]}}],"collection":[{"href":"https:\/\/schusszone.de\/de\/wp-json\/wp\/v2\/product"}],"about":[{"href":"https:\/\/schusszone.de\/de\/wp-json\/wp\/v2\/types\/product"}],"replies":[{"embeddable":true,"href":"https:\/\/schusszone.de\/de\/wp-json\/wp\/v2\/comments?post=9183"}],"wp:featuredmedia":[{"embeddable":true,"href":"https:\/\/schusszone.de\/de\/wp-json\/wp\/v2\/media\/9325"}],"wp:attachment":[{"href":"https:\/\/schusszone.de\/de\/wp-json\/wp\/v2\/media?parent=9183"}],"wp:term":[{"taxonomy":"product_brand","embeddable":true,"href":"https:\/\/schusszone.de\/de\/wp-json\/wp\/v2\/product_brand?post=9183"},{"taxonomy":"product_cat","embeddable":true,"href":"https:\/\/schusszone.de\/de\/wp-json\/wp\/v2\/product_cat?post=9183"},{"taxonomy":"product_tag","embeddable":true,"href":"https:\/\/schusszone.de\/de\/wp-json\/wp\/v2\/product_tag?post=9183"}],"curies":[{"name":"wp","href":"https:\/\/api.w.org\/{rel}","templated":true}]}}