{"id":9182,"date":"2026-05-07T15:52:01","date_gmt":"2026-05-07T15:52:01","guid":{"rendered":"https:\/\/schusszone.de\/?post_type=product&#038;p=9182"},"modified":"2026-05-07T15:53:46","modified_gmt":"2026-05-07T15:53:46","slug":"mauser-mini-red-dot-2417-inkl-rmr-footprint","status":"publish","type":"product","link":"https:\/\/schusszone.de\/de\/product\/mauser-mini-red-dot-2417-inkl-rmr-footprint\/","title":{"rendered":"Mauser Mini Red Dot 24&#215;17, inkl. RMR Footprint"},"content":{"rendered":"<p>Das Mauser lizenzierte Mini Red Dot kann man wie \u00fcblich auf eine 21-23 mm Picatinny Schiene (R.I.S., Weaver) montieren.<\/p>\n<p>Zus\u00e4tzlich verf\u00fcgt das Mauser Dot \u00fcber eine RMR Footprint Montageplatte. Da sich die Hersteller (Stand: 05.2024) bisher nicht so 100 % einig \u00fcber die verschiedenen Ma\u00dfe, Bohrungen, Schraubenl\u00e4nge und Gewinde sind, k\u00f6nnen wir leider nicht sagen mit welchen RMR Footprint Pistolen das Dot wirklich kompatibel ist. Auf die Umarex Adapter Platten f\u00fcr MOS Glocks, passt es leider nicht.<\/p>\n<p>Die Verarbeitung ist sehr gut und das Dot ist stabil und kann auch f\u00fcr Kleinkaliberwaffen eingesetzt werden. Das Leuchtpunktvisier ist spritzwassergesch\u00fctzt nach IP67.<\/p>\n<p>In 10 Stufen kann die Helligkeitseinstellung des sichtbaren Leuchtpunktes in Rot von sehr hell bis sehr dunkel \u00fcber jeweils einen linken und rechten Knopf auf den Seiten eingestellt werden.<\/p>\n<p>Das rote Punkt-Absehen l\u00e4sst sich horizontal und vertikal einstellen.<\/p>\n<p>Es wird 1 CR2032 Batterie zum Betrieb ben\u00f6tigt. Diese ist im Lieferumfang enthalten. Mit einer Batterie soll mit dem Dot ungef\u00e4hr 60.000 Stunden Laufzeit erreicht werden. Das sind Angaben der Herstellers, die wir nur schlecht pr\u00fcfen k\u00f6nnen.<\/p>\n<h4>Spezifikationen Mauser Mini Red Dot 24&#215;17, inkl. RMR Footprint:<\/h4>\n<ul>\n<li>Farbe: Schwarz<\/li>\n<li>Gewicht: 51 g<\/li>\n<li>L\u00e4nge: 44 mm<\/li>\n<li>H\u00f6he: 34 mm<\/li>\n<li>Material: Aluminium und Kunststoff<\/li>\n<li>Vergr\u00f6\u00dferung: 1x<\/li>\n<li>Absehen: 0, roter Punkt<\/li>\n<li>Absehen Farbe: rot<\/li>\n<li>Absehen Gr\u00f6\u00dfe: 3 MOA<\/li>\n<li>Montage: f\u00fcr 21-23 mm Picatinny Schiene \/ RMR Footprint<\/li>\n<\/ul>\n<h4>Lieferumfang:<\/h4>\n<ul>\n<li>Mauser Mini Red Dot 24&#215;17, inkl. RMR Footprint<\/li>\n<li>1 CR123 Test Batterie<\/li>\n<li>Gummischutzabdeckung<\/li>\n<\/ul>","protected":false},"excerpt":{"rendered":"<p>Das Mauser lizenzierte Mini Red Dot kann man wie \u00fcblich auf eine 21-23 mm Picatinny Schiene (R.I.S., Weaver) montieren. Zus\u00e4tzlich verf\u00fcgt das Mauser Dot \u00fcber eine RMR Footprint Montageplatte. Da sich die Hersteller (Stand: 05.2024) bisher nicht so 100 % einig \u00fcber die verschiedenen Ma\u00dfe, Bohrungen, Schraubenl\u00e4nge und Gewinde sind, k\u00f6nnen wir leider nicht sagen [&#8230;]\n","protected":false},"featured_media":9315,"comment_status":"closed","ping_status":"closed","template":"","meta":[],"product_brand":[],"product_cat":[311],"product_tag":[],"class_list":{"0":"post-9182","1":"product","2":"type-product","3":"status-publish","4":"has-post-thumbnail","6":"product_cat-zubehor","8":"first","9":"instock","10":"shipping-taxable","11":"purchasable","12":"product-type-simple"},"_links":{"self":[{"href":"https:\/\/schusszone.de\/de\/wp-json\/wp\/v2\/product\/9182","targetHints":{"allow":["GET"]}}],"collection":[{"href":"https:\/\/schusszone.de\/de\/wp-json\/wp\/v2\/product"}],"about":[{"href":"https:\/\/schusszone.de\/de\/wp-json\/wp\/v2\/types\/product"}],"replies":[{"embeddable":true,"href":"https:\/\/schusszone.de\/de\/wp-json\/wp\/v2\/comments?post=9182"}],"wp:featuredmedia":[{"embeddable":true,"href":"https:\/\/schusszone.de\/de\/wp-json\/wp\/v2\/media\/9315"}],"wp:attachment":[{"href":"https:\/\/schusszone.de\/de\/wp-json\/wp\/v2\/media?parent=9182"}],"wp:term":[{"taxonomy":"product_brand","embeddable":true,"href":"https:\/\/schusszone.de\/de\/wp-json\/wp\/v2\/product_brand?post=9182"},{"taxonomy":"product_cat","embeddable":true,"href":"https:\/\/schusszone.de\/de\/wp-json\/wp\/v2\/product_cat?post=9182"},{"taxonomy":"product_tag","embeddable":true,"href":"https:\/\/schusszone.de\/de\/wp-json\/wp\/v2\/product_tag?post=9182"}],"curies":[{"name":"wp","href":"https:\/\/api.w.org\/{rel}","templated":true}]}}