{"id":9180,"date":"2026-05-07T15:52:01","date_gmt":"2026-05-07T15:52:01","guid":{"rendered":"https:\/\/schusszone.de\/?post_type=product&#038;p=9180"},"modified":"2026-05-07T15:53:34","modified_gmt":"2026-05-07T15:53:34","slug":"mauser-eo-red-green-dot","status":"publish","type":"product","link":"https:\/\/schusszone.de\/de\/product\/mauser-eo-red-green-dot\/","title":{"rendered":"Mauser Eo Red\/Green Dot"},"content":{"rendered":"<p>Diesen Mauser lizenzierten HoloSight Nachbau kann man wie \u00fcblich auf eine 21-23 mm Picatinny Schiene (R.I.S., Weaver) montieren.<\/p>\n<p>Die Verarbeitung ist f\u00fcr den Preis gut gelungen und das Original Mauser-Logo wertet es nochmals auf.<\/p>\n<p>Meist sind diese Nachbauten komplett aus Metall. Das Mauser Visier hat einen Polymerk\u00f6rper und der Schutz\u00fcberbau um die eigentliche Optik herum ist aus Aluminium. Das spart etwas Gewicht und das Dot ist trotzdem mindestens genauso stabil wie reine Vollmetall Visiere.<br \/> Die Beschichtung reflektiert nicht, was f\u00fcr Spieler ein Muss ist.<\/p>\n<p>Der Laser Warnhinweis auf der rechten Seite ist reine Show, aber sieht gut und &#8222;gef\u00e4hrlich&#8220; aus.<\/p>\n<p>Stufenlose Helligkeitseinstellungen des sichtbaren Leuchtpunktes in Rot und Gr\u00fcn von sehr hell bis sehr dunkel und sehr einfache Bedienung \u00fcber drei Kn\u00f6pfe von der linken Seite:<\/p>\n<ul>\n<li>rechter Knopf: Anschalten und Helligkeit erh\u00f6hen<\/li>\n<li>linker Knopf: Anschalten und Helligkeit reduzieren<\/li>\n<li>oberer Knopf: Umschalten zwischen Rot und Gr\u00fcn<\/li>\n<li>linker und rechter Knopf gleichzeitig: Ausschalten<\/li>\n<\/ul>\n<p>Das Absehen l\u00e4sst sich horizontal und vertikal einstellen.<\/p>\n<p>Es wird 1 CR123 Batterie zum Betrieb ben\u00f6tigt. Diese ist im Lieferumfang enthalten. CR123 Batterien haben den Vorteil, dass sie sehr leicht in das Visier einzulegen sind. Knopfzellen, die auch h\u00e4ufig verwendet werden, k\u00f6nnen einen schon mal zur Wei\u00dfglut bringen. Au\u00dferdem halten diese CR123 Batterien sehr lange und sind recht unanf\u00e4llig gegen K\u00e4lte. Gedacht sind sie eigentlich f\u00fcr Kameras, die auch im Winter drau\u00dfen benutzt werden. <\/p>\n<h4>Spezifikationen Mauser Eo Red\/Green Dot:<\/h4>\n<ul>\n<li>Farbe: Schwarz<\/li>\n<li>Gewicht: 191 g<\/li>\n<li>L\u00e4nge: 9,5 cm<\/li>\n<li>H\u00f6he: 5,8 cm<\/li>\n<li>Material: Metall und Kunststoff<\/li>\n<li>Vergr\u00f6\u00dferung: 1x<\/li>\n<li>Absehen: GSight<\/li>\n<li>Absehen Farbe: rot und gr\u00fcn<\/li>\n<li>Montage: f\u00fcr 21-23 mm Picatinny Schiene<\/li>\n<\/ul>\n<h4>Lieferumfang:<\/h4>\n<ul>\n<li>Mauser Eo Red\/Green Dot<\/li>\n<li>1 CR123 Test Batterie<\/li>\n<\/ul>","protected":false},"excerpt":{"rendered":"<p>Diesen Mauser lizenzierten HoloSight Nachbau kann man wie \u00fcblich auf eine 21-23 mm Picatinny Schiene (R.I.S., Weaver) montieren. Die Verarbeitung ist f\u00fcr den Preis gut gelungen und das Original Mauser-Logo wertet es nochmals auf. Meist sind diese Nachbauten komplett aus Metall. Das Mauser Visier hat einen Polymerk\u00f6rper und der Schutz\u00fcberbau um die eigentliche Optik herum [&#8230;]\n","protected":false},"featured_media":9298,"comment_status":"closed","ping_status":"closed","template":"","meta":[],"product_brand":[],"product_cat":[311],"product_tag":[],"class_list":{"0":"post-9180","1":"product","2":"type-product","3":"status-publish","4":"has-post-thumbnail","6":"product_cat-zubehor","8":"first","9":"instock","10":"shipping-taxable","11":"purchasable","12":"product-type-simple"},"_links":{"self":[{"href":"https:\/\/schusszone.de\/de\/wp-json\/wp\/v2\/product\/9180","targetHints":{"allow":["GET"]}}],"collection":[{"href":"https:\/\/schusszone.de\/de\/wp-json\/wp\/v2\/product"}],"about":[{"href":"https:\/\/schusszone.de\/de\/wp-json\/wp\/v2\/types\/product"}],"replies":[{"embeddable":true,"href":"https:\/\/schusszone.de\/de\/wp-json\/wp\/v2\/comments?post=9180"}],"wp:featuredmedia":[{"embeddable":true,"href":"https:\/\/schusszone.de\/de\/wp-json\/wp\/v2\/media\/9298"}],"wp:attachment":[{"href":"https:\/\/schusszone.de\/de\/wp-json\/wp\/v2\/media?parent=9180"}],"wp:term":[{"taxonomy":"product_brand","embeddable":true,"href":"https:\/\/schusszone.de\/de\/wp-json\/wp\/v2\/product_brand?post=9180"},{"taxonomy":"product_cat","embeddable":true,"href":"https:\/\/schusszone.de\/de\/wp-json\/wp\/v2\/product_cat?post=9180"},{"taxonomy":"product_tag","embeddable":true,"href":"https:\/\/schusszone.de\/de\/wp-json\/wp\/v2\/product_tag?post=9180"}],"curies":[{"name":"wp","href":"https:\/\/api.w.org\/{rel}","templated":true}]}}