{"id":9139,"date":"2026-05-07T15:51:38","date_gmt":"2026-05-07T15:51:38","guid":{"rendered":"https:\/\/schusszone.de\/?post_type=product&#038;p=9139"},"modified":"2026-05-07T15:52:56","modified_gmt":"2026-05-07T15:52:56","slug":"qiang-yuan-luftgewehrkugeln-domed-500-diabolos","status":"publish","type":"product","link":"https:\/\/schusszone.de\/de\/product\/qiang-yuan-luftgewehrkugeln-domed-500-diabolos\/","title":{"rendered":"Qiang Yuan Luftgewehrkugeln Domed, 500 Diabolos"},"content":{"rendered":"<p>Zhuhai Qiang Yuan Sports Goods CO., LTD., kurz Qiang Yuan genannt, ist ein chinesischer Hersteller von Premium Diabolos.<\/p>\n<p>Einige Jahre waren diese Diabolos nur chinesischen Wettbewerbssch\u00fctzen vorbehalten und waren nicht auf dem globalen Markt erh\u00e4ltlich.<br \/> Mittlerweile d\u00fcrfen die Diabolos auch frei verkauft werden und setzen neue Ma\u00dfst\u00e4be.<\/p>\n<p>Diese sehr gut verarbeiteten Rundkopfdiabolos sind f\u00fcr alle g\u00e4ngigen Trainings und Plinkingarten geeignet und haben eine hohe Energieentfaltung und Durchschlagskraft im Ziel.<br \/> Die Diabolos sind einen Hauch flacher, als die sehr \u00e4hnlichen Qiang Yuan Streamlined Diabolos und dadurch auch einen Millimeter k\u00fcrzer. <\/p>\n<p>Die Diabolos gibt es im Kopfma\u00df 4,49 mm und 4,50 mm und mit einem Gewicht von jeweils 0,55 g oder 0,62 g. Die L\u00e4ngen sind immer gleich ca. 6,8 mm.<\/p>\n<p>0,55 g bzw. 0,62 g ist ein relativ leichtes Gewicht und f\u00fcr Luftgewehre und Luftpistolen bis 7,5 Joule geeignet. Auch schw\u00e4chere Luftpistolen, bzw. CO\u2082 Pistolen kommen mit diesem Gewicht noch gut klar.<\/p>\n<p>Aufgrund der L\u00e4nge und des Gewichts sind die Diabolos auch f\u00fcr die meisten CO\u2082-Waffen mit Trommeln geeignet.<\/p>\n<table> \u00dcbersicht Qiang Yuan Diabolos <\/p>\n<tr>\n<td> <\/td>\n<td><strong>Training<\/strong><\/td>\n<td><strong>Spitzkopf<\/strong><\/td>\n<td><strong>Streamlined<\/strong><\/td>\n<td><strong>Domed<\/strong><\/td>\n<td><strong>Olympic<\/strong><\/td>\n<\/tr>\n<tr>\n<td><strong>Gewicht<\/strong><\/td>\n<td>0,53 g<\/td>\n<td>0,55 g &amp; 0,62 g<\/td>\n<td>0,55 g &amp; 0,62 g<\/td>\n<td>0,55 g &amp; 0,62 g<\/td>\n<td>0,53 g<\/td>\n<\/tr>\n<tr>\n<td><strong>Kopfma\u00df<\/strong><\/td>\n<td>4,49 &amp; 4,50<\/td>\n<td>4,49 &amp; 4,50<\/td>\n<td>4,49 &amp; 4,50<\/td>\n<td>4,49 &amp; 4,50<\/td>\n<td>4,49 &amp; 4,50<\/td>\n<\/tr>\n<tr>\n<td><strong>L\u00e4nge<\/strong><\/td>\n<td>6,6 mm<\/td>\n<td>7,6 mm<\/td>\n<td>6,9 mm<\/td>\n<td>6,8 mm<\/td>\n<td>5,5 mm<\/td>\n<\/tr>\n<tr>\n<td><strong>Form<\/strong><\/td>\n<td>Flachkopf<\/td>\n<td>Spitzkopf<\/td>\n<td>Rundkopf<\/td>\n<td>Rundkopf<\/td>\n<td>Flachkopf<\/td>\n<\/tr>\n<\/table>\n<p>Die Diabolos kommen in praktischer Schraubdose.<\/p>\n<p>(Die Deckel sind alle gleich bedruckt und daher steht dort immer 4,50 mm. Auf der R\u00fcckseite steht die Kopfma\u00dfvariation.)<\/p>\n<h4>Spezifikationen Qiang Yuan Luftgewehrkugeln Domed, 500 Diabolos:<\/h4>\n<ul>\n<li>Gewicht: ca. 0,55 g (8,49 gr) bzw. 0,62 g (9,57 gr)<\/li>\n<li>L\u00e4nge: ca. 6,8 mm<\/li>\n<li>Kaliber: 4,50 mm bzw. 4,49 mm <\/li>\n<li>Inhalt: 500 St\u00fcck<\/li>\n<li>Material: Blei<\/li>\n<li>Form: Rundkopf<\/li>\n<\/ul>\n<p>Achtung: Nicht geeignet f\u00fcr Kinder unter 36 Monaten, wegen Erstickungsgefahr durch verschluckbare Kleinteile. Anschrift des Herstellers aufbewahren.<\/p>","protected":false},"excerpt":{"rendered":"<p>Zhuhai Qiang Yuan Sports Goods CO., LTD., kurz Qiang Yuan genannt, ist ein chinesischer Hersteller von Premium Diabolos. Einige Jahre waren diese Diabolos nur chinesischen Wettbewerbssch\u00fctzen vorbehalten und waren nicht auf dem globalen Markt erh\u00e4ltlich. Mittlerweile d\u00fcrfen die Diabolos auch frei verkauft werden und setzen neue Ma\u00dfst\u00e4be. Diese sehr gut verarbeiteten Rundkopfdiabolos sind f\u00fcr alle [&#8230;]\n","protected":false},"featured_media":9252,"comment_status":"closed","ping_status":"closed","template":"","meta":[],"product_brand":[],"product_cat":[310],"product_tag":[],"class_list":{"0":"post-9139","1":"product","2":"type-product","3":"status-publish","4":"has-post-thumbnail","6":"product_cat-luftdruckwaffen","8":"first","9":"instock","10":"shipping-taxable","11":"purchasable","12":"product-type-simple"},"_links":{"self":[{"href":"https:\/\/schusszone.de\/de\/wp-json\/wp\/v2\/product\/9139","targetHints":{"allow":["GET"]}}],"collection":[{"href":"https:\/\/schusszone.de\/de\/wp-json\/wp\/v2\/product"}],"about":[{"href":"https:\/\/schusszone.de\/de\/wp-json\/wp\/v2\/types\/product"}],"replies":[{"embeddable":true,"href":"https:\/\/schusszone.de\/de\/wp-json\/wp\/v2\/comments?post=9139"}],"wp:featuredmedia":[{"embeddable":true,"href":"https:\/\/schusszone.de\/de\/wp-json\/wp\/v2\/media\/9252"}],"wp:attachment":[{"href":"https:\/\/schusszone.de\/de\/wp-json\/wp\/v2\/media?parent=9139"}],"wp:term":[{"taxonomy":"product_brand","embeddable":true,"href":"https:\/\/schusszone.de\/de\/wp-json\/wp\/v2\/product_brand?post=9139"},{"taxonomy":"product_cat","embeddable":true,"href":"https:\/\/schusszone.de\/de\/wp-json\/wp\/v2\/product_cat?post=9139"},{"taxonomy":"product_tag","embeddable":true,"href":"https:\/\/schusszone.de\/de\/wp-json\/wp\/v2\/product_tag?post=9139"}],"curies":[{"name":"wp","href":"https:\/\/api.w.org\/{rel}","templated":true}]}}