{"id":9103,"date":"2026-05-07T15:51:14","date_gmt":"2026-05-07T15:51:14","guid":{"rendered":"https:\/\/schusszone.de\/?post_type=product&#038;p=9103"},"modified":"2026-05-07T15:52:11","modified_gmt":"2026-05-07T15:52:11","slug":"cytac-magazin-pouch-fur-1-ar15-m4-magazin-molle-schwarz","status":"publish","type":"product","link":"https:\/\/schusszone.de\/de\/product\/cytac-magazin-pouch-fur-1-ar15-m4-magazin-molle-schwarz\/","title":{"rendered":"Cytac Magazin Pouch f\u00fcr 1 AR15\/M4 Magazin, Molle, schwarz"},"content":{"rendered":"<p>Dieses Holster fasst ein M4\/AR15\/M16 Magazin egal von welchem Hersteller.<\/p>\n<p>Es ist extrem stabil und sehr gut verarbeitet. Das M4 Magazin l\u00e4sst sich sehr schnell ziehen und wieder stecken.<\/p>\n<p>Den Magazinsitz kann man \u00fcber zwei Schrauben mit Schraubensicherung fester oder leichter einstellen.<br \/> Das Innere ist besonders glatt, um beim Stecken bzw. Ziehen keinen unn\u00f6tigen Widerstand zu haben.<\/p>\n<p>Das Holster kommt mit einer Befestigungsm\u00f6glichkeit f\u00fcr Molle und kompatible Tragesysteme.<br \/>Dabei kann der Winkel der Trageweise durch zwei weitere Schrauben angepasst werden.<\/p>\n<p>Zwei L\u00f6cher auf der Unterseite lassen m\u00f6gliches Wasser abflie\u00dfen.<\/p>\n<h4>Spezifikationen Cytac Magazin Pouch f\u00fcr 1 AR15\/M4 Magazin, Molle, schwarz:<\/h4>\n<ul>\n<li>Material: Polymer Kunststoff<\/li>\n<li>Farbe: schwarz<\/li>\n<li>Gewicht: 153 g<\/li>\n<li>Hersteller: Cytac<\/li>\n<\/ul>\n<h4>Lieferumfang:<\/h4>\n<ul>\n<li>1 Cytac Magazin Pouch f\u00fcr 1 AR15\/M4 Magazin, Molle, schwarz<\/li>\n<li>1 Innensechskantschl\u00fcssel<\/li>\n<\/ul>","protected":false},"excerpt":{"rendered":"<p>Dieses Holster fasst ein M4\/AR15\/M16 Magazin egal von welchem Hersteller. Es ist extrem stabil und sehr gut verarbeitet. Das M4 Magazin l\u00e4sst sich sehr schnell ziehen und wieder stecken. Den Magazinsitz kann man \u00fcber zwei Schrauben mit Schraubensicherung fester oder leichter einstellen. Das Innere ist besonders glatt, um beim Stecken bzw. Ziehen keinen unn\u00f6tigen Widerstand [&#8230;]\n","protected":false},"featured_media":9193,"comment_status":"closed","ping_status":"closed","template":"","meta":[],"product_brand":[],"product_cat":[311],"product_tag":[],"class_list":{"0":"post-9103","1":"product","2":"type-product","3":"status-publish","4":"has-post-thumbnail","6":"product_cat-zubehor","8":"first","9":"instock","10":"shipping-taxable","11":"purchasable","12":"product-type-simple"},"_links":{"self":[{"href":"https:\/\/schusszone.de\/de\/wp-json\/wp\/v2\/product\/9103","targetHints":{"allow":["GET"]}}],"collection":[{"href":"https:\/\/schusszone.de\/de\/wp-json\/wp\/v2\/product"}],"about":[{"href":"https:\/\/schusszone.de\/de\/wp-json\/wp\/v2\/types\/product"}],"replies":[{"embeddable":true,"href":"https:\/\/schusszone.de\/de\/wp-json\/wp\/v2\/comments?post=9103"}],"wp:featuredmedia":[{"embeddable":true,"href":"https:\/\/schusszone.de\/de\/wp-json\/wp\/v2\/media\/9193"}],"wp:attachment":[{"href":"https:\/\/schusszone.de\/de\/wp-json\/wp\/v2\/media?parent=9103"}],"wp:term":[{"taxonomy":"product_brand","embeddable":true,"href":"https:\/\/schusszone.de\/de\/wp-json\/wp\/v2\/product_brand?post=9103"},{"taxonomy":"product_cat","embeddable":true,"href":"https:\/\/schusszone.de\/de\/wp-json\/wp\/v2\/product_cat?post=9103"},{"taxonomy":"product_tag","embeddable":true,"href":"https:\/\/schusszone.de\/de\/wp-json\/wp\/v2\/product_tag?post=9103"}],"curies":[{"name":"wp","href":"https:\/\/api.w.org\/{rel}","templated":true}]}}