{"id":9101,"date":"2026-05-07T15:51:14","date_gmt":"2026-05-07T15:51:14","guid":{"rendered":"https:\/\/schusszone.de\/?post_type=product&#038;p=9101"},"modified":"2026-05-07T15:52:07","modified_gmt":"2026-05-07T15:52:07","slug":"mp7-r4-magazin","status":"publish","type":"product","link":"https:\/\/schusszone.de\/de\/product\/mp7-r4-magazin\/","title":{"rendered":"MP7 R4 Magazin"},"content":{"rendered":"<p>Low-Cap Magazin f\u00fcr die R4 MP7 und zur H&amp;K MP7A1 0,5J, und auch f\u00fcr die Vollmetall HK MP7A1 SWAT.<\/p>\n<p>Dieses Magazin muss ein wenig &#8218;fester&#8216; in die Waffe gedr\u00fcckt werden als das Standardmagazin, allerdings wird nur ein leicht erh\u00f6hter Druck ben\u00f6tigt, keine Gewalt.<\/p>\n<p>Das Magazin passt nicht in die S-AEG MP7 von Umarex.<\/p>\n<h4>Spezifikationen:<\/h4>\n<ul>\n<li>Magazinkapazit\u00e4t: ca. 35 BBs<\/li>\n<li>Material:ABS<\/li>\n<li>Gewicht: 80 g<\/li>\n<\/ul>","protected":false},"excerpt":{"rendered":"<p>Low-Cap Magazin f\u00fcr die R4 MP7 und zur H&amp;K MP7A1 0,5J, und auch f\u00fcr die Vollmetall HK MP7A1 SWAT. Dieses Magazin muss ein wenig &#8218;fester&#8216; in die Waffe gedr\u00fcckt werden als das Standardmagazin, allerdings wird nur ein leicht erh\u00f6hter Druck ben\u00f6tigt, keine Gewalt. Das Magazin passt nicht in die S-AEG MP7 von Umarex. Spezifikationen: Magazinkapazit\u00e4t: [&#8230;]\n","protected":false},"featured_media":9188,"comment_status":"closed","ping_status":"closed","template":"","meta":[],"product_brand":[],"product_cat":[312],"product_tag":[],"class_list":{"0":"post-9101","1":"product","2":"type-product","3":"status-publish","4":"has-post-thumbnail","6":"product_cat-softair-zubehor","8":"first","9":"instock","10":"shipping-taxable","11":"purchasable","12":"product-type-simple"},"_links":{"self":[{"href":"https:\/\/schusszone.de\/de\/wp-json\/wp\/v2\/product\/9101","targetHints":{"allow":["GET"]}}],"collection":[{"href":"https:\/\/schusszone.de\/de\/wp-json\/wp\/v2\/product"}],"about":[{"href":"https:\/\/schusszone.de\/de\/wp-json\/wp\/v2\/types\/product"}],"replies":[{"embeddable":true,"href":"https:\/\/schusszone.de\/de\/wp-json\/wp\/v2\/comments?post=9101"}],"wp:featuredmedia":[{"embeddable":true,"href":"https:\/\/schusszone.de\/de\/wp-json\/wp\/v2\/media\/9188"}],"wp:attachment":[{"href":"https:\/\/schusszone.de\/de\/wp-json\/wp\/v2\/media?parent=9101"}],"wp:term":[{"taxonomy":"product_brand","embeddable":true,"href":"https:\/\/schusszone.de\/de\/wp-json\/wp\/v2\/product_brand?post=9101"},{"taxonomy":"product_cat","embeddable":true,"href":"https:\/\/schusszone.de\/de\/wp-json\/wp\/v2\/product_cat?post=9101"},{"taxonomy":"product_tag","embeddable":true,"href":"https:\/\/schusszone.de\/de\/wp-json\/wp\/v2\/product_tag?post=9101"}],"curies":[{"name":"wp","href":"https:\/\/api.w.org\/{rel}","templated":true}]}}