{"id":9098,"date":"2026-05-07T15:51:14","date_gmt":"2026-05-07T15:51:14","guid":{"rendered":"https:\/\/schusszone.de\/?post_type=product&#038;p=9098"},"modified":"2026-05-07T15:51:56","modified_gmt":"2026-05-07T15:51:56","slug":"magazin-fur-warrior-ii","status":"publish","type":"product","link":"https:\/\/schusszone.de\/de\/product\/magazin-fur-warrior-ii\/","title":{"rendered":"Magazin f\u00fcr Warrior II"},"content":{"rendered":"<h4>Restposten<\/h4>\n<p><i>Sch\u00fcttelmagazin<\/i><\/p>\n<p>: direkt zur Verf\u00fcgung stehen 17 BBs. Im hinteren Bereich des Magazins ist eine Art Tank f\u00fcr bis zu 75 BBs.<br \/>Magazin f\u00fcr die Softair Pistole Warrrior II.<\/p>\n<h4>Spezifikationen:<\/h4>\n<ul>\n<li>Fassungsverm\u00f6gen: ca. 17 plus 75 BBs<\/li>\n<li>Farbe: schwarz<\/li>\n<li>Gewicht: 20 g<\/li>\n<li>Material: ABS<\/li>\n<\/ul>","protected":false},"excerpt":{"rendered":"<p>Restposten Sch\u00fcttelmagazin : direkt zur Verf\u00fcgung stehen 17 BBs. Im hinteren Bereich des Magazins ist eine Art Tank f\u00fcr bis zu 75 BBs.Magazin f\u00fcr die Softair Pistole Warrrior II. Spezifikationen: Fassungsverm\u00f6gen: ca. 17 plus 75 BBs Farbe: schwarz Gewicht: 20 g Material: ABS<\/p>","protected":false},"featured_media":9170,"comment_status":"closed","ping_status":"closed","template":"","meta":[],"product_brand":[],"product_cat":[312],"product_tag":[],"class_list":{"0":"post-9098","1":"product","2":"type-product","3":"status-publish","4":"has-post-thumbnail","6":"product_cat-softair-zubehor","8":"first","9":"instock","10":"shipping-taxable","11":"purchasable","12":"product-type-simple"},"_links":{"self":[{"href":"https:\/\/schusszone.de\/de\/wp-json\/wp\/v2\/product\/9098","targetHints":{"allow":["GET"]}}],"collection":[{"href":"https:\/\/schusszone.de\/de\/wp-json\/wp\/v2\/product"}],"about":[{"href":"https:\/\/schusszone.de\/de\/wp-json\/wp\/v2\/types\/product"}],"replies":[{"embeddable":true,"href":"https:\/\/schusszone.de\/de\/wp-json\/wp\/v2\/comments?post=9098"}],"wp:featuredmedia":[{"embeddable":true,"href":"https:\/\/schusszone.de\/de\/wp-json\/wp\/v2\/media\/9170"}],"wp:attachment":[{"href":"https:\/\/schusszone.de\/de\/wp-json\/wp\/v2\/media?parent=9098"}],"wp:term":[{"taxonomy":"product_brand","embeddable":true,"href":"https:\/\/schusszone.de\/de\/wp-json\/wp\/v2\/product_brand?post=9098"},{"taxonomy":"product_cat","embeddable":true,"href":"https:\/\/schusszone.de\/de\/wp-json\/wp\/v2\/product_cat?post=9098"},{"taxonomy":"product_tag","embeddable":true,"href":"https:\/\/schusszone.de\/de\/wp-json\/wp\/v2\/product_tag?post=9098"}],"curies":[{"name":"wp","href":"https:\/\/api.w.org\/{rel}","templated":true}]}}