{"id":9097,"date":"2026-05-07T15:51:14","date_gmt":"2026-05-07T15:51:14","guid":{"rendered":"https:\/\/schusszone.de\/?post_type=product&#038;p=9097"},"modified":"2026-05-07T15:51:55","modified_gmt":"2026-05-07T15:51:55","slug":"magazin-fur-ux-2011","status":"publish","type":"product","link":"https:\/\/schusszone.de\/de\/product\/magazin-fur-ux-2011\/","title":{"rendered":"Magazin f\u00fcr UX 2011"},"content":{"rendered":"<p>Ersatzmagazin f\u00fcr UX 2011 mit einer F\u00fcllmenge von bis zu 18 BB\u00b4s<\/p>\n<h4>Spezifikationen Magazin:<\/h4>\n<ul>\n<li>Farbe: Schwarz<\/li>\n<li>F\u00fcllmenge: 18 BB\u00b4s<\/li>\n<li>Kaliber:\u00a04,5 mm (.177) BB<\/li>\n<li>Hersteller: Umarex<\/li>\n<\/ul>\n<h4>Lieferumfang:<\/h4>\n<ul>\n<li>1 UX 2011 Magazin<\/li>\n<\/ul>\n<p><strong>Pflege:<\/strong> Wir empfehlen bei jeder neuen Kartusche ein bis zwei Tropfen Silikon\u00f6l auf den Kapsel-Anstechdorn im Magazin zu geben.<br \/>Lassen Sie die angestochene CO\u2082-Kapsel nicht unn\u00f6tig lange im Magazin. Das besch\u00e4digt auf Dauer die Dichtungen.<br \/>Au\u00dferdem sollte nach 500-1000 Schuss eine CO\u2082-Wartungskapsel benutzt werden.<\/p>","protected":false},"excerpt":{"rendered":"<p>Ersatzmagazin f\u00fcr UX 2011 mit einer F\u00fcllmenge von bis zu 18 BB\u00b4s Spezifikationen Magazin: Farbe: Schwarz F\u00fcllmenge: 18 BB\u00b4s Kaliber:\u00a04,5 mm (.177) BB Hersteller: Umarex Lieferumfang: 1 UX 2011 Magazin Pflege: Wir empfehlen bei jeder neuen Kartusche ein bis zwei Tropfen Silikon\u00f6l auf den Kapsel-Anstechdorn im Magazin zu geben.Lassen Sie die angestochene CO\u2082-Kapsel nicht unn\u00f6tig [&#8230;]\n","protected":false},"featured_media":9168,"comment_status":"closed","ping_status":"closed","template":"","meta":[],"product_brand":[],"product_cat":[312],"product_tag":[],"class_list":{"0":"post-9097","1":"product","2":"type-product","3":"status-publish","4":"has-post-thumbnail","6":"product_cat-softair-zubehor","8":"first","9":"instock","10":"shipping-taxable","11":"purchasable","12":"product-type-simple"},"_links":{"self":[{"href":"https:\/\/schusszone.de\/de\/wp-json\/wp\/v2\/product\/9097","targetHints":{"allow":["GET"]}}],"collection":[{"href":"https:\/\/schusszone.de\/de\/wp-json\/wp\/v2\/product"}],"about":[{"href":"https:\/\/schusszone.de\/de\/wp-json\/wp\/v2\/types\/product"}],"replies":[{"embeddable":true,"href":"https:\/\/schusszone.de\/de\/wp-json\/wp\/v2\/comments?post=9097"}],"wp:featuredmedia":[{"embeddable":true,"href":"https:\/\/schusszone.de\/de\/wp-json\/wp\/v2\/media\/9168"}],"wp:attachment":[{"href":"https:\/\/schusszone.de\/de\/wp-json\/wp\/v2\/media?parent=9097"}],"wp:term":[{"taxonomy":"product_brand","embeddable":true,"href":"https:\/\/schusszone.de\/de\/wp-json\/wp\/v2\/product_brand?post=9097"},{"taxonomy":"product_cat","embeddable":true,"href":"https:\/\/schusszone.de\/de\/wp-json\/wp\/v2\/product_cat?post=9097"},{"taxonomy":"product_tag","embeddable":true,"href":"https:\/\/schusszone.de\/de\/wp-json\/wp\/v2\/product_tag?post=9097"}],"curies":[{"name":"wp","href":"https:\/\/api.w.org\/{rel}","templated":true}]}}