{"id":9095,"date":"2026-05-07T15:51:14","date_gmt":"2026-05-07T15:51:14","guid":{"rendered":"https:\/\/schusszone.de\/?post_type=product&#038;p=9095"},"modified":"2026-05-07T15:51:48","modified_gmt":"2026-05-07T15:51:48","slug":"elite-force-c4-mock-suppressor","status":"publish","type":"product","link":"https:\/\/schusszone.de\/de\/product\/elite-force-c4-mock-suppressor\/","title":{"rendered":"Elite Force C4 Mock Suppressor"},"content":{"rendered":"<h4>Elite Force C4 Mock Suppressor<\/h4>\n<p>Der C4 Mock Suppressor von Elite Force verleiht jeder Airsoftwaffe mit M\u00fcndungsgewinde (M14x1 links) eine besondere Anmutung, ohne die Ger\u00e4uschentwicklung zu beeinflussen. 200 mm lang und aus hochwertigem Aluminium gefertigt, eignet er sich sowohl f\u00fcr Kurz- als auch Langwaffen.<br \/>Bei dem Elite Force C4 Mock Suppressor handelt es sich um eine Schalld\u00e4mpfer-Attrappe ohne schalld\u00e4mpfende Wirkung.<\/p>\n<p><strong>Features<\/strong><\/p>\n<ul>\n<li>Hochwertige Aluminium-Schalld\u00e4mpfer-Attrappe<\/li>\n<li>Gewinde: M14x1 links<\/li>\n<li>Keine schalld\u00e4mpfende Wirkung<\/li>\n<\/ul>\n<p><strong>Technische Daten<\/strong><\/p>\n<ul>\n<li>Kaliber\u00a0\u00a06 mm BB\u00b4s<\/li>\n<li>Laufgewinde \u00a0<strong>14 mm x 1 links<\/strong><\/li>\n<li>L\u00e4nge\u00a0\u00a0200 mm<\/li>\n<li>Gewicht\u00a0\u00a0160 g<\/li>\n<\/ul>","protected":false},"excerpt":{"rendered":"<p>Elite Force C4 Mock Suppressor Der C4 Mock Suppressor von Elite Force verleiht jeder Airsoftwaffe mit M\u00fcndungsgewinde (M14x1 links) eine besondere Anmutung, ohne die Ger\u00e4uschentwicklung zu beeinflussen. 200 mm lang und aus hochwertigem Aluminium gefertigt, eignet er sich sowohl f\u00fcr Kurz- als auch Langwaffen.Bei dem Elite Force C4 Mock Suppressor handelt es sich um eine [&#8230;]\n","protected":false},"featured_media":9156,"comment_status":"closed","ping_status":"closed","template":"","meta":[],"product_brand":[],"product_cat":[311],"product_tag":[],"class_list":{"0":"post-9095","1":"product","2":"type-product","3":"status-publish","4":"has-post-thumbnail","6":"product_cat-zubehor","8":"first","9":"instock","10":"shipping-taxable","11":"purchasable","12":"product-type-simple"},"_links":{"self":[{"href":"https:\/\/schusszone.de\/de\/wp-json\/wp\/v2\/product\/9095","targetHints":{"allow":["GET"]}}],"collection":[{"href":"https:\/\/schusszone.de\/de\/wp-json\/wp\/v2\/product"}],"about":[{"href":"https:\/\/schusszone.de\/de\/wp-json\/wp\/v2\/types\/product"}],"replies":[{"embeddable":true,"href":"https:\/\/schusszone.de\/de\/wp-json\/wp\/v2\/comments?post=9095"}],"wp:featuredmedia":[{"embeddable":true,"href":"https:\/\/schusszone.de\/de\/wp-json\/wp\/v2\/media\/9156"}],"wp:attachment":[{"href":"https:\/\/schusszone.de\/de\/wp-json\/wp\/v2\/media?parent=9095"}],"wp:term":[{"taxonomy":"product_brand","embeddable":true,"href":"https:\/\/schusszone.de\/de\/wp-json\/wp\/v2\/product_brand?post=9095"},{"taxonomy":"product_cat","embeddable":true,"href":"https:\/\/schusszone.de\/de\/wp-json\/wp\/v2\/product_cat?post=9095"},{"taxonomy":"product_tag","embeddable":true,"href":"https:\/\/schusszone.de\/de\/wp-json\/wp\/v2\/product_tag?post=9095"}],"curies":[{"name":"wp","href":"https:\/\/api.w.org\/{rel}","templated":true}]}}