{"id":9048,"date":"2026-05-07T15:50:51","date_gmt":"2026-05-07T15:50:51","guid":{"rendered":"https:\/\/schusszone.de\/?post_type=product&#038;p=9048"},"modified":"2026-05-07T15:51:10","modified_gmt":"2026-05-07T15:51:10","slug":"ux-pcp-handpumpe-fur-pressluftwaffen-mit-fullschlauch-und-4-adapter-max-300-bar","status":"publish","type":"product","link":"https:\/\/schusszone.de\/de\/product\/ux-pcp-handpumpe-fur-pressluftwaffen-mit-fullschlauch-und-4-adapter-max-300-bar\/","title":{"rendered":"UX PCP Handpumpe f\u00fcr Pressluftwaffen mit F\u00fcllschlauch und 4 Adapter max. 300 bar"},"content":{"rendered":"<p>Die UX PCP Pressluftpumpe ist jederzeit einsatzbereit, leicht transportierbar und f\u00fcr eine Vielzahl der am Markt befindlichen Pressluftgewehren geeignet. Die Pumpe kann einen Druck von 200 bar &#8211; max. 300 bar erzeugen und ist somit zum Bef\u00fcllen von kleineren Druckbeh\u00e4ltern und Druckluftwaffen bestens geeignet. Durch die Pumpbewegung wird die Luft komprimiert und \u00fcber einen Pressluftschlauch in den Druckbeh\u00e4lter \u00fcbertragen. Ein F\u00fcllschlauch sowie verschiedene Adapter sind bereits im Lieferumfang enthalten. Bitte beachten Sie die Sicherheitshinweise in der Bedienungsanleitung und lesen Sie diese vor der erstmaligen Inbetriebnahme aufmerksam durch. Lieferumfang: UX PCP Pressluftpumpe mit F\u00fcllschlauch\u00a0 1\/8 Schnellf\u00fclladapter M10 Adapter M10x1 Adapter Foster Adapter Silikon\u00f6l Dichtungsset Ersatzfilter Schraubenschl\u00fcssel Bedienungsanleitung Details zu\u00a0UX PCP Handpumpe f\u00fcr Pressluftwaffen max. 300 bar: f\u00fcr eine Vielzahl der am Markt befindlichen Pressluftgewehren Manometer mit bar und PSI Anzeige\u00a0 \u00f6lgek\u00fchlte Handpumpe klappbarer Standfu\u00df Druckbereich: 200 bar &#8211; 300 bar L\u00e4nge: ca. 610 mm geschlossen &#8211; ca. 1050 mm ge\u00f6ffnet Gewicht: ca. 2080 g Farbe: silber, schwarz Marke: UX Hinweis: Richtiger Umgang mit Druckluft-, Federdruckwaffen und CO2-Waffen<\/p>","protected":false},"excerpt":{"rendered":"<p>Die UX PCP Pressluftpumpe ist jederzeit einsatzbereit, leicht transportierbar und f\u00fcr eine Vielzahl der am Markt befindlichen Pressluftgewehren geeignet. Die Pumpe kann einen Druck von 200 bar &#8211; max. 300 bar erzeugen und ist somit zum Bef\u00fcllen von kleineren Druckbeh\u00e4ltern und Druckluftwaffen bestens geeignet. Durch die Pumpbewegung wird die Luft komprimiert und \u00fcber einen Pressluftschlauch [&#8230;]\n","protected":false},"featured_media":9079,"comment_status":"closed","ping_status":"closed","template":"","meta":[],"product_brand":[],"product_cat":[306],"product_tag":[],"class_list":{"0":"post-9048","1":"product","2":"type-product","3":"status-publish","4":"has-post-thumbnail","6":"product_cat-freie-waffen","8":"first","9":"instock","10":"shipping-taxable","11":"purchasable","12":"product-type-simple"},"_links":{"self":[{"href":"https:\/\/schusszone.de\/de\/wp-json\/wp\/v2\/product\/9048","targetHints":{"allow":["GET"]}}],"collection":[{"href":"https:\/\/schusszone.de\/de\/wp-json\/wp\/v2\/product"}],"about":[{"href":"https:\/\/schusszone.de\/de\/wp-json\/wp\/v2\/types\/product"}],"replies":[{"embeddable":true,"href":"https:\/\/schusszone.de\/de\/wp-json\/wp\/v2\/comments?post=9048"}],"wp:featuredmedia":[{"embeddable":true,"href":"https:\/\/schusszone.de\/de\/wp-json\/wp\/v2\/media\/9079"}],"wp:attachment":[{"href":"https:\/\/schusszone.de\/de\/wp-json\/wp\/v2\/media?parent=9048"}],"wp:term":[{"taxonomy":"product_brand","embeddable":true,"href":"https:\/\/schusszone.de\/de\/wp-json\/wp\/v2\/product_brand?post=9048"},{"taxonomy":"product_cat","embeddable":true,"href":"https:\/\/schusszone.de\/de\/wp-json\/wp\/v2\/product_cat?post=9048"},{"taxonomy":"product_tag","embeddable":true,"href":"https:\/\/schusszone.de\/de\/wp-json\/wp\/v2\/product_tag?post=9048"}],"curies":[{"name":"wp","href":"https:\/\/api.w.org\/{rel}","templated":true}]}}