{"id":9036,"date":"2026-05-07T15:50:50","date_gmt":"2026-05-07T15:50:50","guid":{"rendered":"https:\/\/schusszone.de\/?post_type=product&#038;p=9036"},"modified":"2026-05-07T15:51:04","modified_gmt":"2026-05-07T15:51:04","slug":"airmax-lipo-akku-11-1v-1200mah-20-40c-stick-type-m-deans-anschluss-mini-tam-adapter","status":"publish","type":"product","link":"https:\/\/schusszone.de\/de\/product\/airmax-lipo-akku-11-1v-1200mah-20-40c-stick-type-m-deans-anschluss-mini-tam-adapter\/","title":{"rendered":"airmaX LiPo Akku 11.1V 1200mAh 20 \/ 40C Stick-Type m. Deans Anschluss + Mini-Tam Adapter"},"content":{"rendered":"<p>Die airmaX\u00a0LiPo Akku Serie umfasst verschiedene Akkugr\u00f6\u00dfen im Bereich von 7.4 bis 11.1 Volt. Dank hoher C-Rate wird der Strom schnell und verlustarm zur Switch-Unit oder dem Antriebsmotor des jeweiligen Airsoftgewehrs \u00fcbertragen.\u00a0Weiterhin sorgt die hohe C-Rate f\u00fcr\u00a0ein verbessertes Ansprechverhalten der Softair und beugt Gearbox-Jams vor. Die Standard-Entladung dieses LiPo-Packs\u00a0betr\u00e4gt bis zu 20C, kurzzeitig sind im Burst-Mode auch bis zu sehr starke 40C m\u00f6glich. Der Akku besitzt einen XH-Balancer Anschluss sowie einen Deans Akkuanschluss. Zus\u00e4tzlich befindet sich im Lieferumfang noch ein Adapter &#8211; von Deans auf Mini-Tam, wodurch alle g\u00e4ngigen Anschl\u00fcsse abgedeckt sind. Details Stecker: Deans \/ Adapter auf Mini TAM-Type Akku Typ: Lithium Polymer Zellenzahl:\u00a03 Spannung: 11,1V Kapazit\u00e4t: 1200 mAh Ladenstrom: 1,2 Ampere \/ 1C Standard-Entladung:\u00a024 Ampere \/ 20C Burst-Entladung: 48 Ampere \/ 40C (ca. 1-3 Sekunden)\u00a0 L\u00e4nge ca.\u00a0175 mm\u00a0\u00a0 Breite: ca.\u00a015 mm H\u00f6he: ca.\u00a014 mm Gewicht: ca.\u00a070 g Hersteller: airmaX Bitte beachten Sie das Batteriegesetz. Vor dem ersten Laden unbedingt die beiligenden Warnhinweise durchlesen! Handhabungshinweise: &#8211; Kein Spielzeug deshalb d\u00fcrfen Batterien und Akkus niemals in Kinderh\u00e4nde gelangen! &#8211; LiPo Akkus d\u00fcrfen nur an speziellen Ladeger\u00e4ten geladen werden die diesen Akkutyp unterst\u00fctzen! &#8211; Die Spannung pro Zelle darf 4,2 Volt niemals \u00fcberschreiten! &#8211; LiPo Akkus immer auf einem feuerfesten Untergrund laden! &#8211; Diesen Akkutyp niemals unbeaufsichtig laden! &#8211; Der maximale Ladestrom betr\u00e4gt 2C &#8211; 1C empfohlen! &#8211; Den Akku niemals bei Temperaturen unter 0\u00b0 und \u00fcber 60\u00b0C lagern bzw. benutzen! &#8211; Den Akku niemals ungeladen oder tiefentladen Lagern! &#8211; Den Akku niemals unter 3.0 Volt pro Einzelzelle entladen! &#8211; Zum Laden wird ein LiPo-Balancer empfohlen! &#8211; Nur bei Airsoftwaffen verwenden die als LiPo tauglich ausgewiesen sind! &#8211; Akku niemals kurzschlie\u00dfen &#8211; Explosionsgefahr!<\/p>","protected":false},"excerpt":{"rendered":"<p>Die airmaX\u00a0LiPo Akku Serie umfasst verschiedene Akkugr\u00f6\u00dfen im Bereich von 7.4 bis 11.1 Volt. Dank hoher C-Rate wird der Strom schnell und verlustarm zur Switch-Unit oder dem Antriebsmotor des jeweiligen Airsoftgewehrs \u00fcbertragen.\u00a0Weiterhin sorgt die hohe C-Rate f\u00fcr\u00a0ein verbessertes Ansprechverhalten der Softair und beugt Gearbox-Jams vor. Die Standard-Entladung dieses LiPo-Packs\u00a0betr\u00e4gt bis zu 20C, kurzzeitig sind im [&#8230;]\n","protected":false},"featured_media":9067,"comment_status":"closed","ping_status":"closed","template":"","meta":[],"product_brand":[],"product_cat":[307],"product_tag":[],"class_list":{"0":"post-9036","1":"product","2":"type-product","3":"status-publish","4":"has-post-thumbnail","6":"product_cat-softair","8":"first","9":"instock","10":"shipping-taxable","11":"purchasable","12":"product-type-simple"},"_links":{"self":[{"href":"https:\/\/schusszone.de\/de\/wp-json\/wp\/v2\/product\/9036","targetHints":{"allow":["GET"]}}],"collection":[{"href":"https:\/\/schusszone.de\/de\/wp-json\/wp\/v2\/product"}],"about":[{"href":"https:\/\/schusszone.de\/de\/wp-json\/wp\/v2\/types\/product"}],"replies":[{"embeddable":true,"href":"https:\/\/schusszone.de\/de\/wp-json\/wp\/v2\/comments?post=9036"}],"wp:featuredmedia":[{"embeddable":true,"href":"https:\/\/schusszone.de\/de\/wp-json\/wp\/v2\/media\/9067"}],"wp:attachment":[{"href":"https:\/\/schusszone.de\/de\/wp-json\/wp\/v2\/media?parent=9036"}],"wp:term":[{"taxonomy":"product_brand","embeddable":true,"href":"https:\/\/schusszone.de\/de\/wp-json\/wp\/v2\/product_brand?post=9036"},{"taxonomy":"product_cat","embeddable":true,"href":"https:\/\/schusszone.de\/de\/wp-json\/wp\/v2\/product_cat?post=9036"},{"taxonomy":"product_tag","embeddable":true,"href":"https:\/\/schusszone.de\/de\/wp-json\/wp\/v2\/product_tag?post=9036"}],"curies":[{"name":"wp","href":"https:\/\/api.w.org\/{rel}","templated":true}]}}