{"id":9029,"date":"2026-05-07T15:50:50","date_gmt":"2026-05-07T15:50:50","guid":{"rendered":"https:\/\/schusszone.de\/?post_type=product&#038;p=9029"},"modified":"2026-05-07T15:51:00","modified_gmt":"2026-05-07T15:51:00","slug":"max-tactical-co2-kapseln-50-stuck-je-12g","status":"publish","type":"product","link":"https:\/\/schusszone.de\/de\/product\/max-tactical-co2-kapseln-50-stuck-je-12g\/","title":{"rendered":"Max Tactical CO2-Kapseln 50 St\u00fcck je 12g"},"content":{"rendered":"<p>% Jetzt im g\u00fcnstigen Sparset kaufen! % % 5 x 10 St\u00fcck Max Tactical CO2 Kapseln % Die 12g CO2-Kapseln der Marke Max Tactical eignen sich zum Betrieb von CO2-Luftpistolen, CO2-Luftgewehren und CO2-Softairwaffen. Eine Kapsel\u00a0reicht aus f\u00fcr ca. 50 Schuss. Lieferumfang: 50 St\u00fcck Max Tactical CO2 Kapseln 12g (5 Packungen mit je 10 Kapseln) Details zu Max Tactical CO2-Kapseln: f\u00fcr CO2-Waffen (Gewehre und Pistolen) 1 Kapsel (12g) f\u00fcr ca. 50 Schuss Inhalt je Packung: 10 St\u00fcck Marke: Max Tactical Made in EU Achtung: Beh\u00e4lter steht unter Druck. Nicht Temperaturen \u00fcber 50 Grad aussetzen. Kann bei Erw\u00e4rmung explodieren. Darf nicht in die H\u00e4nde von Kindern gelangen. An einem gut bel\u00fcfteten Ort aufbewahren. Vor Sonnenbestrahlung sch\u00fctzen. Nur entleert wegwerfen, keinesfalls ins Feuer. Gebrauchsanweisung beachten. Rohstoff der Kapsel wiederverwendbar. Unsachgem\u00e4\u00dfe Verwendung kann schlimme k\u00f6rperliche Verletzungen hervorrufen. Herstellerinformationen: Kotte &amp; Zeller GmbH, Industriestr. 8, DE, 95365, Rugendorf, info@kotte-zeller.de , DE 62797633<\/p>","protected":false},"excerpt":{"rendered":"<p>% Jetzt im g\u00fcnstigen Sparset kaufen! % % 5 x 10 St\u00fcck Max Tactical CO2 Kapseln % Die 12g CO2-Kapseln der Marke Max Tactical eignen sich zum Betrieb von CO2-Luftpistolen, CO2-Luftgewehren und CO2-Softairwaffen. Eine Kapsel\u00a0reicht aus f\u00fcr ca. 50 Schuss. Lieferumfang: 50 St\u00fcck Max Tactical CO2 Kapseln 12g (5 Packungen mit je 10 Kapseln) Details [&#8230;]\n","protected":false},"featured_media":9060,"comment_status":"closed","ping_status":"closed","template":"","meta":[],"product_brand":[],"product_cat":[305],"product_tag":[],"class_list":{"0":"post-9029","1":"product","2":"type-product","3":"status-publish","4":"has-post-thumbnail","6":"product_cat-selbstschutz","8":"first","9":"instock","10":"shipping-taxable","11":"purchasable","12":"product-type-simple"},"_links":{"self":[{"href":"https:\/\/schusszone.de\/de\/wp-json\/wp\/v2\/product\/9029","targetHints":{"allow":["GET"]}}],"collection":[{"href":"https:\/\/schusszone.de\/de\/wp-json\/wp\/v2\/product"}],"about":[{"href":"https:\/\/schusszone.de\/de\/wp-json\/wp\/v2\/types\/product"}],"replies":[{"embeddable":true,"href":"https:\/\/schusszone.de\/de\/wp-json\/wp\/v2\/comments?post=9029"}],"wp:featuredmedia":[{"embeddable":true,"href":"https:\/\/schusszone.de\/de\/wp-json\/wp\/v2\/media\/9060"}],"wp:attachment":[{"href":"https:\/\/schusszone.de\/de\/wp-json\/wp\/v2\/media?parent=9029"}],"wp:term":[{"taxonomy":"product_brand","embeddable":true,"href":"https:\/\/schusszone.de\/de\/wp-json\/wp\/v2\/product_brand?post=9029"},{"taxonomy":"product_cat","embeddable":true,"href":"https:\/\/schusszone.de\/de\/wp-json\/wp\/v2\/product_cat?post=9029"},{"taxonomy":"product_tag","embeddable":true,"href":"https:\/\/schusszone.de\/de\/wp-json\/wp\/v2\/product_tag?post=9029"}],"curies":[{"name":"wp","href":"https:\/\/api.w.org\/{rel}","templated":true}]}}